{"id":960,"date":"2024-08-28T16:44:39","date_gmt":"2024-08-28T14:44:39","guid":{"rendered":"https:\/\/cobudcy.com\/?page_id=960"},"modified":"2024-08-28T16:44:39","modified_gmt":"2024-08-28T14:44:39","slug":"conditions-generales","status":"publish","type":"page","link":"https:\/\/cobudcy.com\/index.php\/conditions-generales\/","title":{"rendered":"conditions g\u00e9n\u00e9rales"},"content":{"rendered":"[et_pb_section fb_built=\u00a0\u00bb1&Prime; admin_label=\u00a0\u00bbsection\u00a0\u00bb _builder_version=\u00a0\u00bb4.16&Prime; global_colors_info=\u00a0\u00bb{}\u00a0\u00bb theme_builder_area=\u00a0\u00bbpost_content\u00a0\u00bb][et_pb_row admin_label=\u00a0\u00bbrow\u00a0\u00bb _builder_version=\u00a0\u00bb4.16&Prime; background_size=\u00a0\u00bbinitial\u00a0\u00bb background_position=\u00a0\u00bbtop_left\u00a0\u00bb background_repeat=\u00a0\u00bbrepeat\u00a0\u00bb global_colors_info=\u00a0\u00bb{}\u00a0\u00bb theme_builder_area=\u00a0\u00bbpost_content\u00a0\u00bb][et_pb_column type=\u00a0\u00bb4_4&Prime; _builder_version=\u00a0\u00bb4.16&Prime; custom_padding=\u00a0\u00bb|||\u00a0\u00bb global_colors_info=\u00a0\u00bb{}\u00a0\u00bb custom_padding__hover=\u00a0\u00bb|||\u00a0\u00bb theme_builder_area=\u00a0\u00bbpost_content\u00a0\u00bb][et_pb_text admin_label=\u00a0\u00bbText\u00a0\u00bb _builder_version=\u00a0\u00bb4.20.4&Prime; background_size=\u00a0\u00bbinitial\u00a0\u00bb background_position=\u00a0\u00bbtop_left\u00a0\u00bb background_repeat=\u00a0\u00bbrepeat\u00a0\u00bb hover_enabled=\u00a0\u00bb0&Prime; global_colors_info=\u00a0\u00bb{}\u00a0\u00bb theme_builder_area=\u00a0\u00bbpost_content\u00a0\u00bb sticky_enabled=\u00a0\u00bb0&Prime;]<p><\/p>\n<h2 class=\"wp-block-heading\">Conditions G\u00e9n\u00e9rales<\/h2>\n<p>Bienvenue chez Cobudcy.<\/p>\n<p><\/p>\n<p><\/p>\n<p>Cyril Duboc\u00a0 exploite le site cobudcy.com (ci-apr\u00e8s d\u00e9nomm\u00e9 \u00ab Service \u00bb).<\/p>\n<p>Notre politique de confidentialit\u00e9 r\u00e9git votre visite sur cobudcy.com et explique comment nous recueillons, sauvegardons et divulguons les informations r\u00e9sultant de votre utilisation de notre service.<\/p>\n<p>Les \u0153uvres publi\u00e9es sur ce site web sont prot\u00e9g\u00e9s par le droit d\u2019auteur et ne peuvent en aucun cas \u00eatre r\u00e9utilis\u00e9es sans l\u2019autorisation expresse de leur auteur.<br \/>Les images pr\u00e9sentes sur ce site, ainsi que les donn\u00e9es qui s\u2019y rapportent, tels que le titre ou le nom de l\u2019auteur, ne peuvent en aucune fa\u00e7on faire l\u2019objet, en tout ou partie, de reproductions, sous quelque forme que ce soit, r\u00e9alis\u00e9es en vue de fouilles de textes et de donn\u00e9es, \u00e0 l\u2019exception de celles men\u00e9es \u00e0 des fins exclusives de<br \/>recherche scientifique par un organisme vis\u00e9 \u00e0 l\u2019article L. 122-5-3, II du code de la propri\u00e9t\u00e9 intellectuelle. Cette interdiction, exprim\u00e9e dans le cadre du dispositif pr\u00e9vu \u00e0 l\u2019article R. 122-8 du code de la propri\u00e9t\u00e9 intellectuelle, s\u2019applique en particulier \u00e0 l\u2019utilisation des \u0153uvres pour alimenter ou entra\u00eener des dispositifs d\u2019intelligence artificielle con\u00e7us ou adapt\u00e9s pour g\u00e9n\u00e9rer des cr\u00e9ations, telles que des images ou des contenus audiovisuels, destin\u00e9es \u00e0 une diffusion publique.<br \/>Cette interdiction est \u00e9galement exprim\u00e9e, conform\u00e9ment au protocole TDMRep accessible \u00e0 l\u2019adresse www.w3.org\/2022\/tdmrep, de la mani\u00e8re suivante : &lt;TDM-RESERVATION : 1&gt;.<br \/>Pour toute demande de reproduction ou de communication aupublic d\u2019une \u0153uvre, merci de me contacter<\/p>\n<p>*****<\/p>\n<p>&nbsp;<\/p>\n<h2>Terms &amp; Conditions<\/h2>\n<p>&nbsp;<\/p>\n<p>Welcome to Cobudcy.<\/p>\n<p>&nbsp;<\/p>\n<p>Cyril Duboc operates the cobudcy.com website (hereinafter referred to as the \u201cService\u201d).<\/p>\n<p>Our privacy policy governs your visit to cobudcy.com and explains how we collect, store and disclose information resulting from your use of our service.<\/p>\n<p>The works published on this website are protected by copyright and may not be reused without the express permission of their author.<br \/>The images presented on this site, as well as any data relating to them, such as the title or the name of the author, may not in any way whatsoever be reproduced, in whole or in part, in any form whatsoever, with a view to text and data mining, with the exception of those carried out for the exclusive purposes of<br \/>scientific research by an organization governed by article L. 122-5-3, II of the French Intellectual Property Code. This prohibition, expressed within the framework of article R. 122-8 of the French Intellectual Property Code, applies in particular to the use of works to feed or drive artificial intelligence devices designed or adapted to generate creations, such as images or audiovisual content, intended for public distribution.<\/p>\n<p>This prohibition is also expressed, in accordance with the TDMRep protocol accessible at www.w3.org\/2022\/tdmrep, in the following manner: &lt;TDM-RESERVATION: 1&gt;.<\/p>\n<p>For all requests to reproduce or communicate a work to the public, please contact me.<\/p>\n<p><\/p>\n<p><\/p>\n<p><\/p>\n<p><\/p>\n<p>&nbsp;<\/p>\n<p><\/p>\n<p>&nbsp;<\/p>\n<p><\/p>[\/et_pb_text][\/et_pb_column][\/et_pb_row][\/et_pb_section]","protected":false},"excerpt":{"rendered":"<p>Conditions G\u00e9n\u00e9rales Bienvenue chez Cobudcy. Cyril Duboc\u00a0 exploite le site cobudcy.com (ci-apr\u00e8s d\u00e9nomm\u00e9 \u00ab Service \u00bb). Notre politique de confidentialit\u00e9 r\u00e9git votre visite sur cobudcy.com et explique comment nous recueillons, sauvegardons et divulguons les informations r\u00e9sultant de votre utilisation de notre service. Les \u0153uvres publi\u00e9es sur ce site web sont prot\u00e9g\u00e9s par le droit d\u2019auteur [&hellip;]<\/p>\n","protected":false},"author":1,"featured_media":0,"parent":0,"menu_order":0,"comment_status":"closed","ping_status":"closed","template":"","meta":{"_et_pb_use_builder":"on","_et_pb_old_content":"","_et_gb_content_width":"","footnotes":""},"class_list":["post-960","page","type-page","status-publish","hentry"],"yoast_head":"<!-- This site is optimized with the Yoast SEO plugin v27.3 - https:\/\/yoast.com\/product\/yoast-seo-wordpress\/ -->\n<title>conditions g\u00e9n\u00e9rales - Cobudcy<\/title>\n<meta name=\"robots\" content=\"index, follow, max-snippet:-1, max-image-preview:large, max-video-preview:-1\" \/>\n<link rel=\"canonical\" href=\"https:\/\/cobudcy.com\/index.php\/conditions-generales\/\" \/>\n<meta property=\"og:locale\" content=\"fr_FR\" \/>\n<meta property=\"og:type\" content=\"article\" \/>\n<meta property=\"og:title\" content=\"conditions g\u00e9n\u00e9rales - Cobudcy\" \/>\n<meta property=\"og:description\" content=\"Conditions G\u00e9n\u00e9rales Bienvenue chez Cobudcy. Cyril Duboc\u00a0 exploite le site cobudcy.com (ci-apr\u00e8s d\u00e9nomm\u00e9 \u00ab Service \u00bb). Notre politique de confidentialit\u00e9 r\u00e9git votre visite sur cobudcy.com et explique comment nous recueillons, sauvegardons et divulguons les informations r\u00e9sultant de votre utilisation de notre service. Les \u0153uvres publi\u00e9es sur ce site web sont prot\u00e9g\u00e9s par le droit d\u2019auteur [&hellip;]\" \/>\n<meta property=\"og:url\" content=\"https:\/\/cobudcy.com\/index.php\/conditions-generales\/\" \/>\n<meta property=\"og:site_name\" content=\"Cobudcy\" \/>\n<meta property=\"article:publisher\" content=\"https:\/\/www.facebook.com\/Cobudcy\" \/>\n<meta name=\"twitter:card\" content=\"summary_large_image\" \/>\n<script type=\"application\/ld+json\" class=\"yoast-schema-graph\">{\"@context\":\"https:\\\/\\\/schema.org\",\"@graph\":[{\"@type\":\"WebPage\",\"@id\":\"https:\\\/\\\/cobudcy.com\\\/index.php\\\/conditions-generales\\\/\",\"url\":\"https:\\\/\\\/cobudcy.com\\\/index.php\\\/conditions-generales\\\/\",\"name\":\"conditions g\u00e9n\u00e9rales - Cobudcy\",\"isPartOf\":{\"@id\":\"https:\\\/\\\/cobudcy.com\\\/#website\"},\"datePublished\":\"2024-08-28T14:44:39+00:00\",\"breadcrumb\":{\"@id\":\"https:\\\/\\\/cobudcy.com\\\/index.php\\\/conditions-generales\\\/#breadcrumb\"},\"inLanguage\":\"fr-FR\",\"potentialAction\":[{\"@type\":\"ReadAction\",\"target\":[\"https:\\\/\\\/cobudcy.com\\\/index.php\\\/conditions-generales\\\/\"]}]},{\"@type\":\"BreadcrumbList\",\"@id\":\"https:\\\/\\\/cobudcy.com\\\/index.php\\\/conditions-generales\\\/#breadcrumb\",\"itemListElement\":[{\"@type\":\"ListItem\",\"position\":1,\"name\":\"Accueil\",\"item\":\"https:\\\/\\\/cobudcy.com\\\/\"},{\"@type\":\"ListItem\",\"position\":2,\"name\":\"conditions g\u00e9n\u00e9rales\"}]},{\"@type\":\"WebSite\",\"@id\":\"https:\\\/\\\/cobudcy.com\\\/#website\",\"url\":\"https:\\\/\\\/cobudcy.com\\\/\",\"name\":\"Cobudcy\",\"description\":\"artiste peintre\",\"publisher\":{\"@id\":\"https:\\\/\\\/cobudcy.com\\\/#\\\/schema\\\/person\\\/0125d02e5bd14cc54162f782d0fcca15\"},\"potentialAction\":[{\"@type\":\"SearchAction\",\"target\":{\"@type\":\"EntryPoint\",\"urlTemplate\":\"https:\\\/\\\/cobudcy.com\\\/?s={search_term_string}\"},\"query-input\":{\"@type\":\"PropertyValueSpecification\",\"valueRequired\":true,\"valueName\":\"search_term_string\"}}],\"inLanguage\":\"fr-FR\"},{\"@type\":[\"Person\",\"Organization\"],\"@id\":\"https:\\\/\\\/cobudcy.com\\\/#\\\/schema\\\/person\\\/0125d02e5bd14cc54162f782d0fcca15\",\"name\":\"cobudcy\",\"image\":{\"@type\":\"ImageObject\",\"inLanguage\":\"fr-FR\",\"@id\":\"https:\\\/\\\/cobudcy.com\\\/wp-content\\\/uploads\\\/2022\\\/12\\\/signature.png\",\"url\":\"https:\\\/\\\/cobudcy.com\\\/wp-content\\\/uploads\\\/2022\\\/12\\\/signature.png\",\"contentUrl\":\"https:\\\/\\\/cobudcy.com\\\/wp-content\\\/uploads\\\/2022\\\/12\\\/signature.png\",\"width\":282,\"height\":340,\"caption\":\"cobudcy\"},\"logo\":{\"@id\":\"https:\\\/\\\/cobudcy.com\\\/wp-content\\\/uploads\\\/2022\\\/12\\\/signature.png\"},\"sameAs\":[\"http:\\\/\\\/cobudcr.cluster031.hosting.ovh.net\",\"https:\\\/\\\/www.facebook.com\\\/Cobudcy\",\"https:\\\/\\\/www.instagram.com\\\/cobudcy\\\/\"]}]}<\/script>\n<!-- \/ Yoast SEO plugin. -->","yoast_head_json":{"title":"conditions g\u00e9n\u00e9rales - Cobudcy","robots":{"index":"index","follow":"follow","max-snippet":"max-snippet:-1","max-image-preview":"max-image-preview:large","max-video-preview":"max-video-preview:-1"},"canonical":"https:\/\/cobudcy.com\/index.php\/conditions-generales\/","og_locale":"fr_FR","og_type":"article","og_title":"conditions g\u00e9n\u00e9rales - Cobudcy","og_description":"Conditions G\u00e9n\u00e9rales Bienvenue chez Cobudcy. Cyril Duboc\u00a0 exploite le site cobudcy.com (ci-apr\u00e8s d\u00e9nomm\u00e9 \u00ab Service \u00bb). Notre politique de confidentialit\u00e9 r\u00e9git votre visite sur cobudcy.com et explique comment nous recueillons, sauvegardons et divulguons les informations r\u00e9sultant de votre utilisation de notre service. Les \u0153uvres publi\u00e9es sur ce site web sont prot\u00e9g\u00e9s par le droit d\u2019auteur [&hellip;]","og_url":"https:\/\/cobudcy.com\/index.php\/conditions-generales\/","og_site_name":"Cobudcy","article_publisher":"https:\/\/www.facebook.com\/Cobudcy","twitter_card":"summary_large_image","schema":{"@context":"https:\/\/schema.org","@graph":[{"@type":"WebPage","@id":"https:\/\/cobudcy.com\/index.php\/conditions-generales\/","url":"https:\/\/cobudcy.com\/index.php\/conditions-generales\/","name":"conditions g\u00e9n\u00e9rales - Cobudcy","isPartOf":{"@id":"https:\/\/cobudcy.com\/#website"},"datePublished":"2024-08-28T14:44:39+00:00","breadcrumb":{"@id":"https:\/\/cobudcy.com\/index.php\/conditions-generales\/#breadcrumb"},"inLanguage":"fr-FR","potentialAction":[{"@type":"ReadAction","target":["https:\/\/cobudcy.com\/index.php\/conditions-generales\/"]}]},{"@type":"BreadcrumbList","@id":"https:\/\/cobudcy.com\/index.php\/conditions-generales\/#breadcrumb","itemListElement":[{"@type":"ListItem","position":1,"name":"Accueil","item":"https:\/\/cobudcy.com\/"},{"@type":"ListItem","position":2,"name":"conditions g\u00e9n\u00e9rales"}]},{"@type":"WebSite","@id":"https:\/\/cobudcy.com\/#website","url":"https:\/\/cobudcy.com\/","name":"Cobudcy","description":"artiste peintre","publisher":{"@id":"https:\/\/cobudcy.com\/#\/schema\/person\/0125d02e5bd14cc54162f782d0fcca15"},"potentialAction":[{"@type":"SearchAction","target":{"@type":"EntryPoint","urlTemplate":"https:\/\/cobudcy.com\/?s={search_term_string}"},"query-input":{"@type":"PropertyValueSpecification","valueRequired":true,"valueName":"search_term_string"}}],"inLanguage":"fr-FR"},{"@type":["Person","Organization"],"@id":"https:\/\/cobudcy.com\/#\/schema\/person\/0125d02e5bd14cc54162f782d0fcca15","name":"cobudcy","image":{"@type":"ImageObject","inLanguage":"fr-FR","@id":"https:\/\/cobudcy.com\/wp-content\/uploads\/2022\/12\/signature.png","url":"https:\/\/cobudcy.com\/wp-content\/uploads\/2022\/12\/signature.png","contentUrl":"https:\/\/cobudcy.com\/wp-content\/uploads\/2022\/12\/signature.png","width":282,"height":340,"caption":"cobudcy"},"logo":{"@id":"https:\/\/cobudcy.com\/wp-content\/uploads\/2022\/12\/signature.png"},"sameAs":["http:\/\/cobudcr.cluster031.hosting.ovh.net","https:\/\/www.facebook.com\/Cobudcy","https:\/\/www.instagram.com\/cobudcy\/"]}]}},"_links":{"self":[{"href":"https:\/\/cobudcy.com\/index.php\/wp-json\/wp\/v2\/pages\/960","targetHints":{"allow":["GET"]}}],"collection":[{"href":"https:\/\/cobudcy.com\/index.php\/wp-json\/wp\/v2\/pages"}],"about":[{"href":"https:\/\/cobudcy.com\/index.php\/wp-json\/wp\/v2\/types\/page"}],"author":[{"embeddable":true,"href":"https:\/\/cobudcy.com\/index.php\/wp-json\/wp\/v2\/users\/1"}],"replies":[{"embeddable":true,"href":"https:\/\/cobudcy.com\/index.php\/wp-json\/wp\/v2\/comments?post=960"}],"version-history":[{"count":2,"href":"https:\/\/cobudcy.com\/index.php\/wp-json\/wp\/v2\/pages\/960\/revisions"}],"predecessor-version":[{"id":964,"href":"https:\/\/cobudcy.com\/index.php\/wp-json\/wp\/v2\/pages\/960\/revisions\/964"}],"wp:attachment":[{"href":"https:\/\/cobudcy.com\/index.php\/wp-json\/wp\/v2\/media?parent=960"}],"curies":[{"name":"wp","href":"https:\/\/api.w.org\/{rel}","templated":true}]}}